{"id":30,"date":"2020-04-13T11:18:54","date_gmt":"2020-04-13T11:18:54","guid":{"rendered":"https:\/\/dare2improve.com\/index.php\/home\/"},"modified":"2024-05-29T14:53:34","modified_gmt":"2024-05-29T14:53:34","slug":"home","status":"publish","type":"page","link":"https:\/\/dare2improve.com\/sv\/","title":{"rendered":"Hem"},"content":{"rendered":"<div data-elementor-type=\"wp-page\" data-elementor-id=\"30\" class=\"elementor elementor-30\" data-elementor-post-type=\"page\">\n\t\t\t\t\t\t<section class=\"elementor-section elementor-top-section elementor-element elementor-element-5939a86c elementor-section-height-min-height elementor-section-boxed elementor-section-height-default elementor-section-items-middle\" data-id=\"5939a86c\" data-element_type=\"section\" data-e-type=\"section\" data-settings=\"{&quot;background_background&quot;:&quot;classic&quot;}\">\n\t\t\t\t\t\t\t<div class=\"elementor-background-overlay\"><\/div>\n\t\t\t\t\t\t\t<div class=\"elementor-container elementor-column-gap-no\">\n\t\t\t\t\t<div class=\"elementor-column elementor-col-100 elementor-top-column elementor-element elementor-element-6f6a47a9\" data-id=\"6f6a47a9\" data-element_type=\"column\" data-e-type=\"column\">\n\t\t\t<div class=\"elementor-widget-wrap elementor-element-populated\">\n\t\t\t\t\t\t<div class=\"elementor-element elementor-element-74d36843 elementor-widget elementor-widget-heading\" data-id=\"74d36843\" data-element_type=\"widget\" data-e-type=\"widget\" data-widget_type=\"heading.default\">\n\t\t\t\t<div class=\"elementor-widget-container\">\n\t\t\t\t\t<h2 class=\"elementor-heading-title elementor-size-default\">V\u00e4lkommen till DTI<\/h2>\t\t\t\t<\/div>\n\t\t\t\t<\/div>\n\t\t\t\t<div class=\"elementor-element elementor-element-da98eec elementor-widget elementor-widget-image-box\" data-id=\"da98eec\" data-element_type=\"widget\" data-e-type=\"widget\" data-widget_type=\"image-box.default\">\n\t\t\t\t<div class=\"elementor-widget-container\">\n\t\t\t\t\t<div class=\"elementor-image-box-wrapper\"><div class=\"elementor-image-box-content\"><h1 class=\"elementor-image-box-title\">Sales Success Institute<\/h1><p class=\"elementor-image-box-description\">Ta del av DTI:s framg\u00e5ngsrika recept f\u00f6r f\u00f6rs\u00e4ljningssucce.<\/p><\/div><\/div>\t\t\t\t<\/div>\n\t\t\t\t<\/div>\n\t\t\t\t<section class=\"elementor-section elementor-inner-section elementor-element elementor-element-143e9c37 elementor-section-boxed elementor-section-height-default elementor-section-height-default\" data-id=\"143e9c37\" data-element_type=\"section\" data-e-type=\"section\">\n\t\t\t\t\t\t<div class=\"elementor-container elementor-column-gap-no\">\n\t\t\t\t\t<div class=\"elementor-column elementor-col-50 elementor-inner-column elementor-element elementor-element-5acde085\" data-id=\"5acde085\" data-element_type=\"column\" data-e-type=\"column\">\n\t\t\t<div class=\"elementor-widget-wrap elementor-element-populated\">\n\t\t\t\t\t\t<div class=\"elementor-element elementor-element-31fcced2 elementor-align-center elementor-mobile-align-center elementor-widget elementor-widget-button\" data-id=\"31fcced2\" data-element_type=\"widget\" data-e-type=\"widget\" data-widget_type=\"button.default\">\n\t\t\t\t<div class=\"elementor-widget-container\">\n\t\t\t\t\t\t\t\t\t<div class=\"elementor-button-wrapper\">\n\t\t\t\t\t<a class=\"elementor-button elementor-button-link elementor-size-lg\" href=\"https:\/\/dare2improve.com\/sv\/sales-success-institute-packages\/\">\n\t\t\t\t\t\t<span class=\"elementor-button-content-wrapper\">\n\t\t\t\t\t\t\t\t\t<span class=\"elementor-button-text\">Paket<\/span>\n\t\t\t\t\t<\/span>\n\t\t\t\t\t<\/a>\n\t\t\t\t<\/div>\n\t\t\t\t\t\t\t\t<\/div>\n\t\t\t\t<\/div>\n\t\t\t\t\t<\/div>\n\t\t<\/div>\n\t\t\t\t<div class=\"elementor-column elementor-col-50 elementor-inner-column elementor-element elementor-element-6e649c\" data-id=\"6e649c\" data-element_type=\"column\" data-e-type=\"column\">\n\t\t\t<div class=\"elementor-widget-wrap elementor-element-populated\">\n\t\t\t\t\t\t<div class=\"elementor-element elementor-element-5b930ae3 elementor-align-center elementor-mobile-align-center elementor-widget elementor-widget-button\" data-id=\"5b930ae3\" data-element_type=\"widget\" data-e-type=\"widget\" data-widget_type=\"button.default\">\n\t\t\t\t<div class=\"elementor-widget-container\">\n\t\t\t\t\t\t\t\t\t<div class=\"elementor-button-wrapper\">\n\t\t\t\t\t<a class=\"elementor-button elementor-button-link elementor-size-lg\" href=\"#about\">\n\t\t\t\t\t\t<span class=\"elementor-button-content-wrapper\">\n\t\t\t\t\t\t\t\t\t<span class=\"elementor-button-text\">Om mig<\/span>\n\t\t\t\t\t<\/span>\n\t\t\t\t\t<\/a>\n\t\t\t\t<\/div>\n\t\t\t\t\t\t\t\t<\/div>\n\t\t\t\t<\/div>\n\t\t\t\t\t<\/div>\n\t\t<\/div>\n\t\t\t\t\t<\/div>\n\t\t<\/section>\n\t\t\t\t\t<\/div>\n\t\t<\/div>\n\t\t\t\t\t<\/div>\n\t\t<\/section>\n\t\t\t\t<section class=\"elementor-section elementor-top-section elementor-element elementor-element-ppyihpi elementor-section-content-middle elementor-reverse-mobile elementor-section-boxed elementor-section-height-default elementor-section-height-default\" data-id=\"ppyihpi\" data-element_type=\"section\" data-e-type=\"section\" data-settings=\"{&quot;background_background&quot;:&quot;classic&quot;}\">\n\t\t\t\t\t\t<div class=\"elementor-container elementor-column-gap-no\">\n\t\t\t\t\t<div class=\"elementor-column elementor-col-50 elementor-top-column elementor-element elementor-element-ca44c59\" data-id=\"ca44c59\" data-element_type=\"column\" data-e-type=\"column\" data-settings=\"{&quot;background_background&quot;:&quot;classic&quot;}\">\n\t\t\t<div class=\"elementor-widget-wrap elementor-element-populated\">\n\t\t\t\t\t\t<div class=\"elementor-element elementor-element-7e01216 elementor-widget elementor-widget-image\" data-id=\"7e01216\" data-element_type=\"widget\" data-e-type=\"widget\" data-widget_type=\"image.default\">\n\t\t\t\t<div class=\"elementor-widget-container\">\n\t\t\t\t\t\t\t\t\t\t\t\t\t\t\t<img fetchpriority=\"high\" decoding=\"async\" width=\"1344\" height=\"2016\" src=\"https:\/\/dare2improve.com\/wp-content\/uploads\/2023\/06\/WhatsApp-Image-2023-06-10-at-9.47.23-PM-1.jpeg\" class=\"attachment-full size-full wp-image-399\" alt=\"Sales Success Institute Coach\" srcset=\"https:\/\/dare2improve.com\/wp-content\/uploads\/2023\/06\/WhatsApp-Image-2023-06-10-at-9.47.23-PM-1.jpeg 1344w, https:\/\/dare2improve.com\/wp-content\/uploads\/2023\/06\/WhatsApp-Image-2023-06-10-at-9.47.23-PM-1-200x300.jpeg 200w, https:\/\/dare2improve.com\/wp-content\/uploads\/2023\/06\/WhatsApp-Image-2023-06-10-at-9.47.23-PM-1-683x1024.jpeg 683w, https:\/\/dare2improve.com\/wp-content\/uploads\/2023\/06\/WhatsApp-Image-2023-06-10-at-9.47.23-PM-1-768x1152.jpeg 768w, https:\/\/dare2improve.com\/wp-content\/uploads\/2023\/06\/WhatsApp-Image-2023-06-10-at-9.47.23-PM-1-1024x1536.jpeg 1024w\" sizes=\"(max-width: 1344px) 100vw, 1344px\" \/>\t\t\t\t\t\t\t\t\t\t\t\t\t\t\t<\/div>\n\t\t\t\t<\/div>\n\t\t\t\t\t<\/div>\n\t\t<\/div>\n\t\t\t\t<div class=\"elementor-column elementor-col-50 elementor-top-column elementor-element elementor-element-258231d\" data-id=\"258231d\" data-element_type=\"column\" data-e-type=\"column\">\n\t\t\t<div class=\"elementor-widget-wrap elementor-element-populated\">\n\t\t\t\t\t\t<div class=\"elementor-element elementor-element-1401102 elementor-widget__width-initial elementor-widget elementor-widget-heading\" data-id=\"1401102\" data-element_type=\"widget\" data-e-type=\"widget\" data-widget_type=\"heading.default\">\n\t\t\t\t<div class=\"elementor-widget-container\">\n\t\t\t\t\t<h2 class=\"elementor-heading-title elementor-size-default\">DTI\u2019s Sales Success Institute<\/h2>\t\t\t\t<\/div>\n\t\t\t\t<\/div>\n\t\t\t\t<div class=\"elementor-element elementor-element-98c3f64 elementor-widget__width-initial elementor-widget elementor-widget-text-editor\" data-id=\"98c3f64\" data-element_type=\"widget\" data-e-type=\"widget\" data-widget_type=\"text-editor.default\">\n\t\t\t\t<div class=\"elementor-widget-container\">\n\t\t\t\t\t\t\t\t\t<p>V\u00e4lkommen till DTI's Sales Success Institute, d\u00e4r f\u00f6rs\u00e4ljningsexpertis och prestation f\u00f6rvandlas till enast\u00e5ende resultat!<\/p><p>Med \u00f6ver 15 \u00e5rs erfarenhet i den dynamiska v\u00e4rlden av f\u00f6rs\u00e4ljning \u00e4r jag entusiastisk \u00f6ver att dela med mig av min kompetens och unika tillv\u00e4gag\u00e5ngss\u00e4tt d\u00e4r jag kombinerar f\u00f6rs\u00e4ljning med psykologi. P\u00e5 DTI:s Sales Institute v\u00e5gar vi f\u00f6rb\u00e4ttra (DTI) och st\u00e4rka individer och organisationer f\u00f6r att p\u00e5 b\u00e4sta m\u00f6jliga s\u00e4tt n\u00e5 nya h\u00f6jder.<\/p><p>F\u00f6rs\u00e4ljning handlar inte bara om att avsluta aff\u00e4rer; det handlar \u00e4ven om att f\u00f6rst\u00e5 psykologin bakom kundbeteendet samt att kunna bygga meningsfulla och l\u00e5ngsiktiga relationer. N\u00e4r jag s\u00e4ger att jag kombinerar psykologi med f\u00f6rs\u00e4ljning menar jag p\u00e5 att jag arbetar med kunder p\u00e5 ett s\u00e4tt som till\u00e5ter dem att f\u00e5 en djupare sj\u00e4lvmedvetenhet. Genom att f\u00f6rst\u00e5 dig sj\u00e4lv b\u00e4ttre s\u00e5 kan du \u00e4ven prestera b\u00e4ttre. Att veta vem du \u00e4r, varf\u00f6r du \u00e4r som du \u00e4r, och varf\u00f6r du t\u00e4nker som du g\u00f6r spelar en avg\u00f6rande roll i att f\u00f6rst\u00e5  hela f\u00f6rs\u00e4ljningsprocessen, f\u00f6r att i sin tur skapa ett l\u00e5ngsiktigt och starkare band med kund.<\/p><p>Jag tror att sj\u00e4lvmedvetenhet \u00e4r nyckeln till att bli en framg\u00e5ngsrik s\u00e4ljare. Mina metoder str\u00e4cker sig bortom traditionella tekniker och vi gr\u00e4ver djupt inom f\u00f6rs\u00e4ljningspsykologin f\u00f6r att rusta dig med verktyg och strategier som beh\u00f6vs f\u00f6r att du skall blomstra. Genom att kombinera psykologi och f\u00f6rs\u00e4ljning erbjuder jag ett innovativt tillv\u00e4gag\u00e5ngss\u00e4tt som s\u00e4rskiljer mig fr\u00e5n andra inom branschen.<\/p><p>Jag ger min totala uppm\u00e4rksamheten till varje kund. Jag tror p\u00e5 att arbeta n\u00e4ra med mina kunder f\u00f6r att p\u00e5 b\u00e4sta s\u00e4tt kunna f\u00f6rst\u00e5 deras unika m\u00e5l, utmaningar och dr\u00f6mmar. Genom detta n\u00e4ra samarbete ser jag till att mina tj\u00e4nster anpassas efter deras specifika behov, vilket m\u00f6jligg\u00f6r enast\u00e5ende resultat.<\/p><p>Jag brinner f\u00f6r att st\u00e4rka individer och organisationer genom att l\u00e5sa upp deras f\u00f6rs\u00e4ljningspotential och hj\u00e4lpa dem att uppn\u00e5 extraordin\u00e4r framg\u00e5ng. Genom att kombinera kraften i f\u00f6rs\u00e4ljning, psykologi och ett starkt engagemang f\u00f6r din tillv\u00e4xt, kommer vi tillsammans att ge oss ut p\u00e5 en transformerande resa.<\/p>\t\t\t\t\t\t\t\t<\/div>\n\t\t\t\t<\/div>\n\t\t\t\t\t<\/div>\n\t\t<\/div>\n\t\t\t\t\t<\/div>\n\t\t<\/section>\n\t\t\t\t<section class=\"elementor-section elementor-top-section elementor-element elementor-element-36bc7c5 elementor-section-content-middle elementor-section-boxed elementor-section-height-default elementor-section-height-default\" data-id=\"36bc7c5\" data-element_type=\"section\" data-e-type=\"section\" id=\"about\" data-settings=\"{&quot;background_background&quot;:&quot;classic&quot;}\">\n\t\t\t\t\t\t<div class=\"elementor-container elementor-column-gap-no\">\n\t\t\t\t\t<div class=\"elementor-column elementor-col-50 elementor-top-column elementor-element elementor-element-31d6a87\" data-id=\"31d6a87\" data-element_type=\"column\" data-e-type=\"column\">\n\t\t\t<div class=\"elementor-widget-wrap elementor-element-populated\">\n\t\t\t\t\t\t<div class=\"elementor-element elementor-element-89ed49a elementor-widget__width-initial elementor-widget elementor-widget-heading\" data-id=\"89ed49a\" data-element_type=\"widget\" data-e-type=\"widget\" data-widget_type=\"heading.default\">\n\t\t\t\t<div class=\"elementor-widget-container\">\n\t\t\t\t\t<h2 class=\"elementor-heading-title elementor-size-default\">Om mig<\/h2>\t\t\t\t<\/div>\n\t\t\t\t<\/div>\n\t\t\t\t<div class=\"elementor-element elementor-element-b5f824a elementor-widget__width-initial elementor-widget elementor-widget-text-editor\" data-id=\"b5f824a\" data-element_type=\"widget\" data-e-type=\"widget\" data-widget_type=\"text-editor.default\">\n\t\t\t\t<div class=\"elementor-widget-container\">\n\t\t\t\t\t\t\t\t\t<p>Jag \u00e4r en erfaren powerkvinna med \u00f6ver 15 \u00e5rs erfarenhet inom f\u00f6rs\u00e4ljning, ledarskap och marknadsf\u00f6ring. Jag vet hur man tar tillvara p\u00e5 m\u00f6jligheter och hur man p\u00e5 b\u00e4sta s\u00e4tt n\u00e5r framg\u00e5ng.<\/p><p>Som \u00e4gare till en framg\u00e5ngsrik fastighetsverksamhet samt ett f\u00f6rs\u00e4ljningsbolag s\u00e5 besitter jag b\u00e5de erfarenhet samt mycket kunskap. Jag \u00e4r anpassningsbar och t\u00e4nker alltid fram\u00e5t och jag utmanar traditionella metoder f\u00f6r att uppn\u00e5 h\u00f6gre niv\u00e5er av f\u00f6rs\u00e4ljning och f\u00f6retagstillv\u00e4xt.<\/p><p>Jag kommer ursprungligen fr\u00e5n Iran och min m\u00e5ngsidiga bakgrund tillf\u00f6r ett unikt perspektiv till mitt arbete. Det som skiljer mig \u00e5t \u00e4r min personliga resa med att \u00f6vervinna kampen mot depression, sv\u00e5r \u00e5ngest och prestations\u00e5ngest.<\/p><p>Dessa erfarenheter har gett mig en djup f\u00f6rst\u00e5else f\u00f6r m\u00e4nskligt beteende. Mitt unika perspektiv g\u00f6r att jag kan skapa en djup kontakt med m\u00e4nniskor och guida dem genom sina tuffa utmaningar. Jag v\u00e4rdes\u00e4tter vikten av att s\u00e4tta m\u00e5l och \u00e4r sj\u00e4lv en h\u00f6gpresterande individ.<\/p><p>Genom att ha hanterat ett m\u00e5ngfaldigt team med 80-100 medarbetare med olika bakgrunder och problem till\u00e4mpar jag en speciell ledarstil. Jag ser alla som j\u00e4mlikar och v\u00e4rdes\u00e4tter deras individuella styrkor. Jag tror starkt p\u00e5 att alla kan uppn\u00e5 sina m\u00e5l genom att omfamna sin sanna sj\u00e4l.<\/p><p>Med mig som din expert inom f\u00f6rs\u00e4ljning och ledarskap kan du f\u00f6rv\u00e4nta dig ett kunnigt och transformerande partnerskap. L\u00e5s upp din sanna potential och uppn\u00e5 enast\u00e5ende framg\u00e5ng under min v\u00e4gledning.<\/p>\t\t\t\t\t\t\t\t<\/div>\n\t\t\t\t<\/div>\n\t\t\t\t\t<\/div>\n\t\t<\/div>\n\t\t\t\t<div class=\"elementor-column elementor-col-50 elementor-top-column elementor-element elementor-element-ae2e28e\" data-id=\"ae2e28e\" data-element_type=\"column\" data-e-type=\"column\" data-settings=\"{&quot;background_background&quot;:&quot;classic&quot;}\">\n\t\t\t<div class=\"elementor-widget-wrap elementor-element-populated\">\n\t\t\t\t\t\t<div class=\"elementor-element elementor-element-178501a elementor-widget elementor-widget-image\" data-id=\"178501a\" data-element_type=\"widget\" data-e-type=\"widget\" data-widget_type=\"image.default\">\n\t\t\t\t<div class=\"elementor-widget-container\">\n\t\t\t\t\t\t\t\t\t\t\t\t\t\t\t<img decoding=\"async\" width=\"899\" height=\"1599\" src=\"https:\/\/dare2improve.com\/wp-content\/uploads\/2023\/06\/WhatsApp-Image-2023-06-13-at-4.42.46-AM.jpeg\" class=\"attachment-full size-full wp-image-379\" alt=\"Sales Success Institute Coach\" srcset=\"https:\/\/dare2improve.com\/wp-content\/uploads\/2023\/06\/WhatsApp-Image-2023-06-13-at-4.42.46-AM.jpeg 899w, https:\/\/dare2improve.com\/wp-content\/uploads\/2023\/06\/WhatsApp-Image-2023-06-13-at-4.42.46-AM-169x300.jpeg 169w, https:\/\/dare2improve.com\/wp-content\/uploads\/2023\/06\/WhatsApp-Image-2023-06-13-at-4.42.46-AM-576x1024.jpeg 576w, https:\/\/dare2improve.com\/wp-content\/uploads\/2023\/06\/WhatsApp-Image-2023-06-13-at-4.42.46-AM-768x1366.jpeg 768w, https:\/\/dare2improve.com\/wp-content\/uploads\/2023\/06\/WhatsApp-Image-2023-06-13-at-4.42.46-AM-864x1536.jpeg 864w\" sizes=\"(max-width: 899px) 100vw, 899px\" \/>\t\t\t\t\t\t\t\t\t\t\t\t\t\t\t<\/div>\n\t\t\t\t<\/div>\n\t\t\t\t\t<\/div>\n\t\t<\/div>\n\t\t\t\t\t<\/div>\n\t\t<\/section>\n\t\t\t\t<section class=\"elementor-section elementor-top-section elementor-element elementor-element-2t14rh1 elementor-section-boxed elementor-section-height-default elementor-section-height-default\" data-id=\"2t14rh1\" data-element_type=\"section\" data-e-type=\"section\" id=\"contact\">\n\t\t\t\t\t\t<div class=\"elementor-container elementor-column-gap-no\">\n\t\t\t\t\t<div class=\"elementor-column elementor-col-100 elementor-top-column elementor-element elementor-element-78aaac5\" data-id=\"78aaac5\" data-element_type=\"column\" data-e-type=\"column\">\n\t\t\t<div class=\"elementor-widget-wrap elementor-element-populated\">\n\t\t\t\t\t\t<div class=\"elementor-element elementor-element-11db822 elementor-widget__width-initial elementor-widget elementor-widget-heading\" data-id=\"11db822\" data-element_type=\"widget\" data-e-type=\"widget\" data-widget_type=\"heading.default\">\n\t\t\t\t<div class=\"elementor-widget-container\">\n\t\t\t\t\t<h2 class=\"elementor-heading-title elementor-size-default\">Kontakt<\/h2>\t\t\t\t<\/div>\n\t\t\t\t<\/div>\n\t\t\t\t<section class=\"elementor-section elementor-inner-section elementor-element elementor-element-160c3cf elementor-section-boxed elementor-section-height-default elementor-section-height-default\" data-id=\"160c3cf\" data-element_type=\"section\" data-e-type=\"section\">\n\t\t\t\t\t\t<div class=\"elementor-container elementor-column-gap-no\">\n\t\t\t\t\t<div class=\"elementor-column elementor-col-50 elementor-inner-column elementor-element elementor-element-c2a0b98\" data-id=\"c2a0b98\" data-element_type=\"column\" data-e-type=\"column\">\n\t\t\t<div class=\"elementor-widget-wrap elementor-element-populated\">\n\t\t\t\t\t\t<div class=\"elementor-element elementor-element-df921e1 elementor-vertical-align-top elementor-widget elementor-widget-image-box\" data-id=\"df921e1\" data-element_type=\"widget\" data-e-type=\"widget\" data-widget_type=\"image-box.default\">\n\t\t\t\t<div class=\"elementor-widget-container\">\n\t\t\t\t\t<div class=\"elementor-image-box-wrapper\"><div class=\"elementor-image-box-content\"><h4 class=\"elementor-image-box-title\">E-post<\/h4><p class=\"elementor-image-box-description\">fari@dare2improve.com<br>\ninfo@dare2improve.com\n<\/p><\/div><\/div>\t\t\t\t<\/div>\n\t\t\t\t<\/div>\n\t\t\t\t<div class=\"elementor-element elementor-element-a595be2 elementor-vertical-align-top elementor-widget elementor-widget-image-box\" data-id=\"a595be2\" data-element_type=\"widget\" data-e-type=\"widget\" data-widget_type=\"image-box.default\">\n\t\t\t\t<div class=\"elementor-widget-container\">\n\t\t\t\t\t<div class=\"elementor-image-box-wrapper\"><div class=\"elementor-image-box-content\"><h4 class=\"elementor-image-box-title\">Adress<\/h4><p class=\"elementor-image-box-description\"><b>G\u00f6teborg<\/b><br>\nHantverksv\u00e4gen 15<br>\n436 33 Askim<br><br>\n\n<b>Uppsala<\/b><br>\nBergsbrunnagatan 22<br>\n753 23 Uppsala<br><br>\n\n<b>Spanien\/Marbella<\/b><br>\nAv, Ricardo Soriano 20, 8D<br>\n29601 Marbella\n<\/p><\/div><\/div>\t\t\t\t<\/div>\n\t\t\t\t<\/div>\n\t\t\t\t<div class=\"elementor-element elementor-element-cc7f59c elementor-vertical-align-top elementor-widget elementor-widget-image-box\" data-id=\"cc7f59c\" data-element_type=\"widget\" data-e-type=\"widget\" data-widget_type=\"image-box.default\">\n\t\t\t\t<div class=\"elementor-widget-container\">\n\t\t\t\t\t<div class=\"elementor-image-box-wrapper\"><div class=\"elementor-image-box-content\"><h4 class=\"elementor-image-box-title\">Orgnr: <\/h4><p class=\"elementor-image-box-description\">556878-9696<\/p><\/div><\/div>\t\t\t\t<\/div>\n\t\t\t\t<\/div>\n\t\t\t\t<div class=\"elementor-element elementor-element-73e526a elementor-widget elementor-widget-heading\" data-id=\"73e526a\" data-element_type=\"widget\" data-e-type=\"widget\" data-widget_type=\"heading.default\">\n\t\t\t\t<div class=\"elementor-widget-container\">\n\t\t\t\t\t<h4 class=\"elementor-heading-title elementor-size-default\">Socials<\/h4>\t\t\t\t<\/div>\n\t\t\t\t<\/div>\n\t\t\t\t<div class=\"elementor-element elementor-element-cfb8168 e-grid-align-left elementor-shape-rounded elementor-grid-0 elementor-widget elementor-widget-social-icons\" data-id=\"cfb8168\" data-element_type=\"widget\" data-e-type=\"widget\" data-widget_type=\"social-icons.default\">\n\t\t\t\t<div class=\"elementor-widget-container\">\n\t\t\t\t\t\t\t<div class=\"elementor-social-icons-wrapper elementor-grid\">\n\t\t\t\t\t\t\t<span class=\"elementor-grid-item\">\n\t\t\t\t\t<a class=\"elementor-icon elementor-social-icon elementor-social-icon-linkedin elementor-repeater-item-a3c239a\" href=\"https:\/\/www.linkedin.com\/in\/farinush-mohandes-tarighi-10050679\" target=\"_blank\">\n\t\t\t\t\t\t<span class=\"elementor-screen-only\">Linkedin<\/span>\n\t\t\t\t\t\t<i aria-hidden=\"true\" class=\"fab fa-linkedin\"><\/i>\t\t\t\t\t<\/a>\n\t\t\t\t<\/span>\n\t\t\t\t\t<\/div>\n\t\t\t\t\t\t<\/div>\n\t\t\t\t<\/div>\n\t\t\t\t\t<\/div>\n\t\t<\/div>\n\t\t\t\t<div class=\"elementor-column elementor-col-50 elementor-inner-column elementor-element elementor-element-2d3cbd2\" data-id=\"2d3cbd2\" data-element_type=\"column\" data-e-type=\"column\">\n\t\t\t<div class=\"elementor-widget-wrap\">\n\t\t\t\t\t\t\t<\/div>\n\t\t<\/div>\n\t\t\t\t\t<\/div>\n\t\t<\/section>\n\t\t\t\t\t<\/div>\n\t\t<\/div>\n\t\t\t\t\t<\/div>\n\t\t<\/section>\n\t\t\t\t<section class=\"elementor-section elementor-top-section elementor-element elementor-element-a9b1fb2 elementor-section-boxed elementor-section-height-default elementor-section-height-default\" data-id=\"a9b1fb2\" data-element_type=\"section\" data-e-type=\"section\">\n\t\t\t\t\t\t<div class=\"elementor-container elementor-column-gap-default\">\n\t\t\t\t\t<div class=\"elementor-column elementor-col-100 elementor-top-column elementor-element elementor-element-468d3ed\" data-id=\"468d3ed\" data-element_type=\"column\" data-e-type=\"column\">\n\t\t\t<div class=\"elementor-widget-wrap elementor-element-populated\">\n\t\t\t\t\t\t<div class=\"elementor-element elementor-element- elementor-widget elementor-widget-html\" data-id=\"\" data-element_type=\"widget\" data-e-type=\"widget\" data-widget_type=\"html.default\">\n\t\t\t\t<div class=\"elementor-widget-container\">\n\t\t\t\t\t<div style=\"overflow:hidden;height:1px;\"><a href=\"https:\/\/jenishawatts.com\/\">1xbet kz<\/a><\/div>\t\t\t\t<\/div>\n\t\t\t\t<\/div>\n\t\t\t\t\t<\/div>\n\t\t<\/div>\n\t\t\t\t\t<\/div>\n\t\t<\/section>\n\t\t\t\t<section class=\"elementor-section elementor-top-section elementor-element elementor-element-b21a620 elementor-section-boxed elementor-section-height-default elementor-section-height-default\" data-id=\"b21a620\" data-element_type=\"section\" data-e-type=\"section\">\n\t\t\t\t\t\t<div class=\"elementor-container elementor-column-gap-default\">\n\t\t\t\t\t<div class=\"elementor-column elementor-col-100 elementor-top-column elementor-element elementor-element-1477e20\" data-id=\"1477e20\" data-element_type=\"column\" data-e-type=\"column\">\n\t\t\t<div class=\"elementor-widget-wrap elementor-element-populated\">\n\t\t\t\t\t\t<div class=\"elementor-element elementor-element- elementor-widget elementor-widget-html\" data-id=\"\" data-element_type=\"widget\" data-e-type=\"widget\" data-widget_type=\"html.default\">\n\t\t\t\t<div class=\"elementor-widget-container\">\n\t\t\t\t\t<div style=\"overflow:hidden;height:1px;\"><a href=\"https:\/\/thefantazy.com\/tag\/giantess\">giantess<\/a><\/div>\t\t\t\t<\/div>\n\t\t\t\t<\/div>\n\t\t\t\t\t<\/div>\n\t\t<\/div>\n\t\t\t\t\t<\/div>\n\t\t<\/section>\n\t\t\t\t<\/div>","protected":false},"excerpt":{"rendered":"<p>Welcome to DTI Sales Success Institute UNLOCK THE SECRETS TO SALES AT DTI Packages About Me DTI&#8217;s Sales Success Institute Welcome to DTI\u2019s Sales Success Institute, where excellence in sales and performance is transformed into remarkable results! With over 15 years of experience in the dynamic world of sales, I am thrilled to share my [&hellip;]<\/p>\n","protected":false},"author":1,"featured_media":0,"parent":0,"menu_order":0,"comment_status":"closed","ping_status":"closed","template":"","meta":{"site-sidebar-layout":"no-sidebar","site-content-layout":"page-builder","ast-site-content-layout":"full-width-container","site-content-style":"unboxed","site-sidebar-style":"unboxed","ast-global-header-display":"","ast-banner-title-visibility":"","ast-main-header-display":"","ast-hfb-above-header-display":"","ast-hfb-below-header-display":"","ast-hfb-mobile-header-display":"","site-post-title":"disabled","ast-breadcrumbs-content":"","ast-featured-img":"","footer-sml-layout":"","theme-transparent-header-meta":"enabled","adv-header-id-meta":"","stick-header-meta":"","header-above-stick-meta":"","header-main-stick-meta":"","header-below-stick-meta":"","astra-migrate-meta-layouts":"set","ast-page-background-enabled":"default","ast-page-background-meta":{"desktop":{"background-color":"","background-image":"","background-repeat":"repeat","background-position":"center center","background-size":"auto","background-attachment":"scroll","background-type":"","background-media":"","overlay-type":"","overlay-color":"","overlay-gradient":""},"tablet":{"background-color":"","background-image":"","background-repeat":"repeat","background-position":"center center","background-size":"auto","background-attachment":"scroll","background-type":"","background-media":"","overlay-type":"","overlay-color":"","overlay-gradient":""},"mobile":{"background-color":"","background-image":"","background-repeat":"repeat","background-position":"center center","background-size":"auto","background-attachment":"scroll","background-type":"","background-media":"","overlay-type":"","overlay-color":"","overlay-gradient":""}},"ast-content-background-meta":{"desktop":{"background-color":"var(--ast-global-color-5)","background-image":"","background-repeat":"repeat","background-position":"center center","background-size":"auto","background-attachment":"scroll","background-type":"","background-media":"","overlay-type":"","overlay-color":"","overlay-gradient":""},"tablet":{"background-color":"var(--ast-global-color-5)","background-image":"","background-repeat":"repeat","background-position":"center center","background-size":"auto","background-attachment":"scroll","background-type":"","background-media":"","overlay-type":"","overlay-color":"","overlay-gradient":""},"mobile":{"background-color":"var(--ast-global-color-5)","background-image":"","background-repeat":"repeat","background-position":"center center","background-size":"auto","background-attachment":"scroll","background-type":"","background-media":"","overlay-type":"","overlay-color":"","overlay-gradient":""}},"footnotes":""},"class_list":["post-30","page","type-page","status-publish","hentry"],"_links":{"self":[{"href":"https:\/\/dare2improve.com\/sv\/wp-json\/wp\/v2\/pages\/30","targetHints":{"allow":["GET"]}}],"collection":[{"href":"https:\/\/dare2improve.com\/sv\/wp-json\/wp\/v2\/pages"}],"about":[{"href":"https:\/\/dare2improve.com\/sv\/wp-json\/wp\/v2\/types\/page"}],"author":[{"embeddable":true,"href":"https:\/\/dare2improve.com\/sv\/wp-json\/wp\/v2\/users\/1"}],"replies":[{"embeddable":true,"href":"https:\/\/dare2improve.com\/sv\/wp-json\/wp\/v2\/comments?post=30"}],"version-history":[{"count":165,"href":"https:\/\/dare2improve.com\/sv\/wp-json\/wp\/v2\/pages\/30\/revisions"}],"predecessor-version":[{"id":2192,"href":"https:\/\/dare2improve.com\/sv\/wp-json\/wp\/v2\/pages\/30\/revisions\/2192"}],"wp:attachment":[{"href":"https:\/\/dare2improve.com\/sv\/wp-json\/wp\/v2\/media?parent=30"}],"curies":[{"name":"wp","href":"https:\/\/api.w.org\/{rel}","templated":true}]}}