{"id":32,"date":"2020-04-13T11:18:50","date_gmt":"2020-04-13T11:18:50","guid":{"rendered":"https:\/\/dare2improve.com\/index.php\/services\/"},"modified":"2023-06-28T12:14:00","modified_gmt":"2023-06-28T12:14:00","slug":"sales-success-institute-packages","status":"publish","type":"page","link":"https:\/\/dare2improve.com\/sv\/sales-success-institute-packages\/","title":{"rendered":"Paket"},"content":{"rendered":"<div data-elementor-type=\"wp-page\" data-elementor-id=\"32\" class=\"elementor elementor-32\" data-elementor-post-type=\"page\">\n\t\t\t\t\t\t<section class=\"elementor-section elementor-top-section elementor-element elementor-element-1b0a5d33 elementor-section-boxed elementor-section-height-default elementor-section-height-default\" data-id=\"1b0a5d33\" data-element_type=\"section\" data-e-type=\"section\" data-settings=\"{&quot;background_background&quot;:&quot;classic&quot;}\">\n\t\t\t\t\t\t\t<div class=\"elementor-background-overlay\"><\/div>\n\t\t\t\t\t\t\t<div class=\"elementor-container elementor-column-gap-default\">\n\t\t\t\t\t<div class=\"elementor-column elementor-col-100 elementor-top-column elementor-element elementor-element-1f841ba\" data-id=\"1f841ba\" data-element_type=\"column\" data-e-type=\"column\">\n\t\t\t<div class=\"elementor-widget-wrap elementor-element-populated\">\n\t\t\t\t\t\t<div class=\"elementor-element elementor-element-365ba0bd elementor-widget elementor-widget-heading\" data-id=\"365ba0bd\" data-element_type=\"widget\" data-e-type=\"widget\" data-widget_type=\"heading.default\">\n\t\t\t\t<div class=\"elementor-widget-container\">\n\t\t\t\t\t<h2 class=\"elementor-heading-title elementor-size-default\">Sales Success Institute Paket<\/h2>\t\t\t\t<\/div>\n\t\t\t\t<\/div>\n\t\t\t\t\t<\/div>\n\t\t<\/div>\n\t\t\t\t\t<\/div>\n\t\t<\/section>\n\t\t\t\t<section class=\"elementor-section elementor-top-section elementor-element elementor-element-oy0sc15 elementor-section-content-middle elementor-section-boxed elementor-section-height-default elementor-section-height-default\" data-id=\"oy0sc15\" data-element_type=\"section\" data-e-type=\"section\" data-settings=\"{&quot;background_background&quot;:&quot;classic&quot;}\">\n\t\t\t\t\t\t<div class=\"elementor-container elementor-column-gap-no\">\n\t\t\t\t\t<div class=\"elementor-column elementor-col-50 elementor-top-column elementor-element elementor-element-bb31710\" data-id=\"bb31710\" data-element_type=\"column\" data-e-type=\"column\">\n\t\t\t<div class=\"elementor-widget-wrap elementor-element-populated\">\n\t\t\t\t\t\t<div class=\"elementor-element elementor-element-01bf1c3 elementor-widget elementor-widget-heading\" data-id=\"01bf1c3\" data-element_type=\"widget\" data-e-type=\"widget\" data-widget_type=\"heading.default\">\n\t\t\t\t<div class=\"elementor-widget-container\">\n\t\t\t\t\t<h1 class=\"elementor-heading-title elementor-size-default\">Sales Success Institute Paket<\/h1>\t\t\t\t<\/div>\n\t\t\t\t<\/div>\n\t\t\t\t<div class=\"elementor-element elementor-element-65248c4 elementor-widget elementor-widget-text-editor\" data-id=\"65248c4\" data-element_type=\"widget\" data-e-type=\"widget\" data-widget_type=\"text-editor.default\">\n\t\t\t\t<div class=\"elementor-widget-container\">\n\t\t\t\t\t\t\t\t\t<p>Jag erbjuder paket som passar olika kunskapsniv\u00e5er och m\u00e5l. Oavsett om du vill f\u00f6rb\u00e4ttra dina befintliga f\u00f6rs\u00e4ljningsf\u00e4rdigheter eller l\u00e4ra dig nya fr\u00e5n grunden, kommer du att hitta ett paket som passar dina behov. Dessutom ger jag klienter m\u00f6jligheten att anpassa sina egna paket och fokusera p\u00e5 de omr\u00e5den som \u00e4r viktigast f\u00f6r dem.<\/p><p>P\u00e5 DTI:s Sales Institute \u00e5terspeglar priss\u00e4ttningen av mina tj\u00e4nster min omfattande kompetens och erfarenhet inom f\u00f6rs\u00e4ljning, marknadsf\u00f6ring och ledarskap. Men viktigare \u00e4n s\u00e5 p\u00e5verkas priset av min framg\u00e5ngsrika meritlista genom min l\u00e5nga karri\u00e4r. Priserna \u00e4r utformade f\u00f6r att erbjuda v\u00e4rde i linje med de exceptionella resultat du kan f\u00f6rv\u00e4nta dig att uppn\u00e5 genom att arbeta med mig.<\/p>\t\t\t\t\t\t\t\t<\/div>\n\t\t\t\t<\/div>\n\t\t\t\t\t<\/div>\n\t\t<\/div>\n\t\t\t\t<div class=\"elementor-column elementor-col-50 elementor-top-column elementor-element elementor-element-65a44b1\" data-id=\"65a44b1\" data-element_type=\"column\" data-e-type=\"column\">\n\t\t\t<div class=\"elementor-widget-wrap elementor-element-populated\">\n\t\t\t\t\t\t<div class=\"elementor-element elementor-element-d897532 elementor-widget elementor-widget-image\" data-id=\"d897532\" data-element_type=\"widget\" data-e-type=\"widget\" data-widget_type=\"image.default\">\n\t\t\t\t<div class=\"elementor-widget-container\">\n\t\t\t\t\t\t\t\t\t\t\t\t\t\t\t<img fetchpriority=\"high\" decoding=\"async\" width=\"753\" height=\"1024\" src=\"https:\/\/dare2improve.com\/wp-content\/uploads\/2023\/06\/WhatsApp-Image-2023-06-14-at-3.54.43-AM-753x1024.jpeg\" class=\"attachment-large size-large wp-image-646\" alt=\"Sales Success Institute Packages\" srcset=\"https:\/\/dare2improve.com\/wp-content\/uploads\/2023\/06\/WhatsApp-Image-2023-06-14-at-3.54.43-AM-753x1024.jpeg 753w, https:\/\/dare2improve.com\/wp-content\/uploads\/2023\/06\/WhatsApp-Image-2023-06-14-at-3.54.43-AM-221x300.jpeg 221w, https:\/\/dare2improve.com\/wp-content\/uploads\/2023\/06\/WhatsApp-Image-2023-06-14-at-3.54.43-AM.jpeg 760w\" sizes=\"(max-width: 753px) 100vw, 753px\" \/>\t\t\t\t\t\t\t\t\t\t\t\t\t\t\t<\/div>\n\t\t\t\t<\/div>\n\t\t\t\t\t<\/div>\n\t\t<\/div>\n\t\t\t\t\t<\/div>\n\t\t<\/section>\n\t\t\t\t<section class=\"elementor-section elementor-top-section elementor-element elementor-element-e28f8db elementor-section-boxed elementor-section-height-default elementor-section-height-default\" data-id=\"e28f8db\" data-element_type=\"section\" data-e-type=\"section\" data-settings=\"{&quot;background_background&quot;:&quot;classic&quot;}\">\n\t\t\t\t\t\t<div class=\"elementor-container elementor-column-gap-default\">\n\t\t\t\t\t<div class=\"elementor-column elementor-col-100 elementor-top-column elementor-element elementor-element-28d268b\" data-id=\"28d268b\" data-element_type=\"column\" data-e-type=\"column\">\n\t\t\t<div class=\"elementor-widget-wrap elementor-element-populated\">\n\t\t\t\t\t\t<div class=\"elementor-element elementor-element-2c77172 elementor-widget elementor-widget-toggle\" data-id=\"2c77172\" data-element_type=\"widget\" data-e-type=\"widget\" data-widget_type=\"toggle.default\">\n\t\t\t\t<div class=\"elementor-widget-container\">\n\t\t\t\t\t\t\t<div class=\"elementor-toggle\">\n\t\t\t\t\t\t\t<div class=\"elementor-toggle-item\">\n\t\t\t\t\t<div id=\"elementor-tab-title-4661\" class=\"elementor-tab-title\" data-tab=\"1\" role=\"button\" aria-controls=\"elementor-tab-content-4661\" aria-expanded=\"false\">\n\t\t\t\t\t\t\t\t\t\t\t\t<a class=\"elementor-toggle-title\" tabindex=\"0\">Baspaket<\/a>\n\t\t\t\t\t<\/div>\n\n\t\t\t\t\t<div id=\"elementor-tab-content-4661\" class=\"elementor-tab-content elementor-clearfix\" data-tab=\"1\" role=\"region\" aria-labelledby=\"elementor-tab-title-4661\"><ul>\n \t<li>Perfekt f\u00f6r nyb\u00f6rjare eller de som vill fr\u00e4scha upp sina f\u00e4rdigheter<\/li>\n \t<li>L\u00e4r dig grundl\u00e4ggande tekniker och principer f\u00f6r att komma ig\u00e5ng med framg\u00e5ng<\/li>\n \t<li>Utveckla effektiva kommunikationsf\u00e4rdigheter f\u00f6r att skapa kontakt med kunder<\/li>\n \t<li>Hantera inv\u00e4ndningar och sv\u00e5ra situationer med sj\u00e4lvs\u00e4kerhet<\/li>\n \t<li>F\u00e5 sj\u00e4lvmedvetenhet och f\u00f6rst\u00e5 psykologin f\u00f6r b\u00e4ttre resultat<\/li>\n<\/ul>\n<p style=\"padding-left: 40px;\"><em>Passar b\u00e5de individer, sm\u00e5 grupper och st\u00f6rre publik<\/em><br>\n<em>Anpassningsbart f\u00f6r att m\u00f6ta specifika behov<\/em><\/p><\/div>\n\t\t\t\t<\/div>\n\t\t\t\t\t\t\t<div class=\"elementor-toggle-item\">\n\t\t\t\t\t<div id=\"elementor-tab-title-4662\" class=\"elementor-tab-title\" data-tab=\"2\" role=\"button\" aria-controls=\"elementor-tab-content-4662\" aria-expanded=\"false\">\n\t\t\t\t\t\t\t\t\t\t\t\t<a class=\"elementor-toggle-title\" tabindex=\"0\">Avancerat s\u00e4ljpaket<\/a>\n\t\t\t\t\t<\/div>\n\n\t\t\t\t\t<div id=\"elementor-tab-content-4662\" class=\"elementor-tab-content elementor-clearfix\" data-tab=\"2\" role=\"region\" aria-labelledby=\"elementor-tab-title-4662\"><ul>\n \t<li>Utformat f\u00f6r erfarna individer som s\u00f6ker f\u00e4rdighetsf\u00f6rb\u00e4ttring<\/li>\n \t<li>Bem\u00e4stra avancerade strategier f\u00f6r enast\u00e5ende resultat<\/li>\n \t<li>F\u00f6rb\u00e4ttra \u00f6vertygningstekniker samt bygga starka kundrelationer<\/li>\n \t<li>G\u00e5 djupare in i psykologin f\u00f6r en helt\u00e4ckande f\u00f6rst\u00e5else<\/li>\n \t<li>Personlig coachning f\u00f6r att ta itu med specifika utmaningar och accelerera tillv\u00e4xten<\/li>\n<\/ul>\n<p style=\"padding-left: 40px;\"><em>Passar b\u00e5de individer, sm\u00e5 grupper och st\u00f6rre publik<\/em><br>\n<em>Anpassningsbart f\u00f6r att m\u00f6ta specifika behov<\/em><\/p><\/div>\n\t\t\t\t<\/div>\n\t\t\t\t\t\t\t<div class=\"elementor-toggle-item\">\n\t\t\t\t\t<div id=\"elementor-tab-title-4663\" class=\"elementor-tab-title\" data-tab=\"3\" role=\"button\" aria-controls=\"elementor-tab-content-4663\" aria-expanded=\"false\">\n\t\t\t\t\t\t\t\t\t\t\t\t<a class=\"elementor-toggle-title\" tabindex=\"0\">Ledarskapspaket<\/a>\n\t\t\t\t\t<\/div>\n\n\t\t\t\t\t<div id=\"elementor-tab-content-4663\" class=\"elementor-tab-content elementor-clearfix\" data-tab=\"3\" role=\"region\" aria-labelledby=\"elementor-tab-title-4663\"><ul>\n \t<li>Anpassat f\u00f6r f\u00f6rs\u00e4ljningschefer och ledare som driver team<\/li>\n \t<li>Utveckla ledarskapsf\u00e4rdigheter f\u00f6r att inspirera och motivera ditt f\u00f6rs\u00e4ljningsteam<\/li>\n \t<li>L\u00e4r dig effektiva coachningstekniker och prestationshantering<\/li>\n \t<li>Skapa en f\u00f6rs\u00e4ljningskultur med h\u00f6g prestation baserad p\u00e5 psykologi och bepr\u00f6vade metoder<\/li>\n \t<li>Fr\u00e4mja samarbete och kommunikation f\u00f6r teamets framg\u00e5ng<\/li>\n<\/ul>\n<p style=\"padding-left: 40px;\"><em>Passar b\u00e5de individer och sm\u00e5 grupper<\/em><br>\n<em>Tillg\u00e4ngligt f\u00f6r korta eller l\u00e5ngsiktiga engagemang<\/em><\/p><\/div>\n\t\t\t\t<\/div>\n\t\t\t\t\t\t\t<div class=\"elementor-toggle-item\">\n\t\t\t\t\t<div id=\"elementor-tab-title-4664\" class=\"elementor-tab-title\" data-tab=\"4\" role=\"button\" aria-controls=\"elementor-tab-content-4664\" aria-expanded=\"false\">\n\t\t\t\t\t\t\t\t\t\t\t\t<a class=\"elementor-toggle-title\" tabindex=\"0\">Motivationstal och f\u00f6rel\u00e4sningar<\/a>\n\t\t\t\t\t<\/div>\n\n\t\t\t\t\t<div id=\"elementor-tab-content-4664\" class=\"elementor-tab-content elementor-clearfix\" data-tab=\"4\" role=\"region\" aria-labelledby=\"elementor-tab-title-4664\"><ul><li>Engagerande och inspirerande f\u00f6rel\u00e4sningar inom olika omr\u00e5den<\/li><li>Fokus p\u00e5 psykologiska aspekter f\u00f6r att fr\u00e4mja personlig och professionell tillv\u00e4xt<\/li><li>F\u00e5 insikter, strategier och motivation f\u00f6r att utm\u00e4rka dig<\/li><\/ul><p style=\"padding-left: 40px;\"><em>Passar b\u00e5de stora och sm\u00e5 publiker<\/em><\/p><\/div>\n\t\t\t\t<\/div>\n\t\t\t\t\t\t\t<div class=\"elementor-toggle-item\">\n\t\t\t\t\t<div id=\"elementor-tab-title-4665\" class=\"elementor-tab-title\" data-tab=\"5\" role=\"button\" aria-controls=\"elementor-tab-content-4665\" aria-expanded=\"false\">\n\t\t\t\t\t\t\t\t\t\t\t\t<a class=\"elementor-toggle-title\" tabindex=\"0\">Organisationsanalys och f\u00f6rb\u00e4ttring<\/a>\n\t\t\t\t\t<\/div>\n\n\t\t\t\t\t<div id=\"elementor-tab-content-4665\" class=\"elementor-tab-content elementor-clearfix\" data-tab=\"5\" role=\"region\" aria-labelledby=\"elementor-tab-title-4665\"><ul><li>F\u00e5 ett nytt perspektiv p\u00e5 din organisation och identifiera omr\u00e5den f\u00f6r f\u00f6rb\u00e4ttring<\/li><li>Grundlig analys av f\u00f6rs\u00e4ljningsprocesser, strategier och strukturer<\/li><li>Detaljerad feedback om n\u00f6dv\u00e4ndiga f\u00f6r\u00e4ndringar och f\u00f6rb\u00e4ttringar<\/li><li>Implementera n\u00f6dv\u00e4ndiga f\u00f6rb\u00e4ttringar baserat p\u00e5 analys och feedback<\/li><li>F\u00f6rb\u00e4ttra prestation och tillv\u00e4xt genom att se din organisation ur en annan synvinkel<\/li><\/ul><\/div>\n\t\t\t\t<\/div>\n\t\t\t\t\t\t\t<div class=\"elementor-toggle-item\">\n\t\t\t\t\t<div id=\"elementor-tab-title-4666\" class=\"elementor-tab-title\" data-tab=\"6\" role=\"button\" aria-controls=\"elementor-tab-content-4666\" aria-expanded=\"false\">\n\t\t\t\t\t\t\t\t\t\t\t\t<a class=\"elementor-toggle-title\" tabindex=\"0\">Individuell coaching och v\u00e4gledning<\/a>\n\t\t\t\t\t<\/div>\n\n\t\t\t\t\t<div id=\"elementor-tab-content-4666\" class=\"elementor-tab-content elementor-clearfix\" data-tab=\"6\" role=\"region\" aria-labelledby=\"elementor-tab-title-4666\"><ul>\n \t<li>Personlig coachning och v\u00e4gledning f\u00f6r individer som s\u00f6ker st\u00f6d i livet<\/li>\n \t<li>One on one sessions f\u00f6r att \u00f6vervinna utmaningar och uppn\u00e5 personlig tillv\u00e4xt<\/li>\n \t<li>Anpassat f\u00f6r att behandla specifika fokusomr\u00e5den och individuella m\u00e5l<\/li>\n \t<li>F\u00e5 insikter och strategier f\u00f6r att hantera personliga och professionella utmaningar<\/li>\n \t<li>Utveckla sj\u00e4lvmedvetenhet, sj\u00e4lvf\u00f6rtroende och uth\u00e5llighet<\/li>\n<\/ul>\n<p style=\"padding-left: 40px;\"><em>Tillg\u00e4ngligt f\u00f6r individer fr\u00e5n alla samh\u00e4llsskikt, inklusive VD:ar och yrkesverksamma<\/em><br><em>Personliga eller distanssessioner baserat p\u00e5 preferens och bekv\u00e4mlighet<\/em><\/p><\/div>\n\t\t\t\t<\/div>\n\t\t\t\t\t\t\t\t<\/div>\n\t\t\t\t\t\t<\/div>\n\t\t\t\t<\/div>\n\t\t\t\t\t<\/div>\n\t\t<\/div>\n\t\t\t\t\t<\/div>\n\t\t<\/section>\n\t\t\t\t<section class=\"elementor-section elementor-top-section elementor-element elementor-element-7f7ca8b elementor-section-content-middle elementor-section-boxed elementor-section-height-default elementor-section-height-default\" data-id=\"7f7ca8b\" data-element_type=\"section\" data-e-type=\"section\" data-settings=\"{&quot;background_background&quot;:&quot;classic&quot;}\">\n\t\t\t\t\t\t<div class=\"elementor-container elementor-column-gap-no\">\n\t\t\t\t\t<div class=\"elementor-column elementor-col-50 elementor-top-column elementor-element elementor-element-9604288\" data-id=\"9604288\" data-element_type=\"column\" data-e-type=\"column\">\n\t\t\t<div class=\"elementor-widget-wrap elementor-element-populated\">\n\t\t\t\t\t\t<div class=\"elementor-element elementor-element-842a9d0 elementor-align-left elementor-mobile-align-center elementor-widget__width-initial elementor-widget elementor-widget-button\" data-id=\"842a9d0\" data-element_type=\"widget\" data-e-type=\"widget\" data-widget_type=\"button.default\">\n\t\t\t\t<div class=\"elementor-widget-container\">\n\t\t\t\t\t\t\t\t\t<div class=\"elementor-button-wrapper\">\n\t\t\t\t\t<a class=\"elementor-button elementor-button-link elementor-size-lg\" href=\"https:\/\/dare2improve.com\/sv\/contact\/\">\n\t\t\t\t\t\t<span class=\"elementor-button-content-wrapper\">\n\t\t\t\t\t\t\t\t\t<span class=\"elementor-button-text\">Kontakta mig<\/span>\n\t\t\t\t\t<\/span>\n\t\t\t\t\t<\/a>\n\t\t\t\t<\/div>\n\t\t\t\t\t\t\t\t<\/div>\n\t\t\t\t<\/div>\n\t\t\t\t\t<\/div>\n\t\t<\/div>\n\t\t\t\t<div class=\"elementor-column elementor-col-50 elementor-top-column elementor-element elementor-element-dbd1e76\" data-id=\"dbd1e76\" data-element_type=\"column\" data-e-type=\"column\">\n\t\t\t<div class=\"elementor-widget-wrap elementor-element-populated\">\n\t\t\t\t\t\t<div class=\"elementor-element elementor-element-3b6e9dc elementor-align-left elementor-mobile-align-center elementor-widget__width-initial elementor-widget elementor-widget-button\" data-id=\"3b6e9dc\" data-element_type=\"widget\" data-e-type=\"widget\" data-widget_type=\"button.default\">\n\t\t\t\t<div class=\"elementor-widget-container\">\n\t\t\t\t\t\t\t\t\t<div class=\"elementor-button-wrapper\">\n\t\t\t\t\t<a class=\"elementor-button elementor-button-link elementor-size-md\" href=\"https:\/\/dare2improve.com\/sv\/terms-and-offers\/\">\n\t\t\t\t\t\t<span class=\"elementor-button-content-wrapper\">\n\t\t\t\t\t\t\t\t\t<span class=\"elementor-button-text\">Allm\u00e4nna villkor<\/span>\n\t\t\t\t\t<\/span>\n\t\t\t\t\t<\/a>\n\t\t\t\t<\/div>\n\t\t\t\t\t\t\t\t<\/div>\n\t\t\t\t<\/div>\n\t\t\t\t\t<\/div>\n\t\t<\/div>\n\t\t\t\t\t<\/div>\n\t\t<\/section>\n\t\t\t\t<\/div>","protected":false},"excerpt":{"rendered":"<p>Sales Success Institute Packages Sales Success Institute Packages I offer a range of long-term packages that cater to different skill levels and objectives. Whether you\u2019re looking to enhance your existing sales abilities or learn new ones from scratch, you\u2019ll find a package that suits your needs. Additionally, I provide the flexibility for clients to customize [&hellip;]<\/p>\n","protected":false},"author":1,"featured_media":0,"parent":0,"menu_order":0,"comment_status":"closed","ping_status":"closed","template":"","meta":{"site-sidebar-layout":"no-sidebar","site-content-layout":"page-builder","ast-site-content-layout":"","site-content-style":"default","site-sidebar-style":"default","ast-global-header-display":"","ast-banner-title-visibility":"","ast-main-header-display":"","ast-hfb-above-header-display":"","ast-hfb-below-header-display":"","ast-hfb-mobile-header-display":"","site-post-title":"disabled","ast-breadcrumbs-content":"","ast-featured-img":"","footer-sml-layout":"","theme-transparent-header-meta":"enabled","adv-header-id-meta":"","stick-header-meta":"","header-above-stick-meta":"","header-main-stick-meta":"","header-below-stick-meta":"","astra-migrate-meta-layouts":"default","ast-page-background-enabled":"default","ast-page-background-meta":{"desktop":{"background-color":"","background-image":"","background-repeat":"repeat","background-position":"center center","background-size":"auto","background-attachment":"scroll","background-type":"","background-media":"","overlay-type":"","overlay-color":"","overlay-gradient":""},"tablet":{"background-color":"","background-image":"","background-repeat":"repeat","background-position":"center center","background-size":"auto","background-attachment":"scroll","background-type":"","background-media":"","overlay-type":"","overlay-color":"","overlay-gradient":""},"mobile":{"background-color":"","background-image":"","background-repeat":"repeat","background-position":"center center","background-size":"auto","background-attachment":"scroll","background-type":"","background-media":"","overlay-type":"","overlay-color":"","overlay-gradient":""}},"ast-content-background-meta":{"desktop":{"background-color":"var(--ast-global-color-5)","background-image":"","background-repeat":"repeat","background-position":"center center","background-size":"auto","background-attachment":"scroll","background-type":"","background-media":"","overlay-type":"","overlay-color":"","overlay-gradient":""},"tablet":{"background-color":"var(--ast-global-color-5)","background-image":"","background-repeat":"repeat","background-position":"center center","background-size":"auto","background-attachment":"scroll","background-type":"","background-media":"","overlay-type":"","overlay-color":"","overlay-gradient":""},"mobile":{"background-color":"var(--ast-global-color-5)","background-image":"","background-repeat":"repeat","background-position":"center center","background-size":"auto","background-attachment":"scroll","background-type":"","background-media":"","overlay-type":"","overlay-color":"","overlay-gradient":""}},"footnotes":""},"class_list":["post-32","page","type-page","status-publish","hentry"],"_links":{"self":[{"href":"https:\/\/dare2improve.com\/sv\/wp-json\/wp\/v2\/pages\/32","targetHints":{"allow":["GET"]}}],"collection":[{"href":"https:\/\/dare2improve.com\/sv\/wp-json\/wp\/v2\/pages"}],"about":[{"href":"https:\/\/dare2improve.com\/sv\/wp-json\/wp\/v2\/types\/page"}],"author":[{"embeddable":true,"href":"https:\/\/dare2improve.com\/sv\/wp-json\/wp\/v2\/users\/1"}],"replies":[{"embeddable":true,"href":"https:\/\/dare2improve.com\/sv\/wp-json\/wp\/v2\/comments?post=32"}],"version-history":[{"count":171,"href":"https:\/\/dare2improve.com\/sv\/wp-json\/wp\/v2\/pages\/32\/revisions"}],"predecessor-version":[{"id":877,"href":"https:\/\/dare2improve.com\/sv\/wp-json\/wp\/v2\/pages\/32\/revisions\/877"}],"wp:attachment":[{"href":"https:\/\/dare2improve.com\/sv\/wp-json\/wp\/v2\/media?parent=32"}],"curies":[{"name":"wp","href":"https:\/\/api.w.org\/{rel}","templated":true}]}}