{"id":360,"date":"2023-06-12T00:54:31","date_gmt":"2023-06-12T00:54:31","guid":{"rendered":"https:\/\/dare2improve.com\/?page_id=360"},"modified":"2024-11-21T23:05:46","modified_gmt":"2024-11-21T23:05:46","slug":"terms-and-offers","status":"publish","type":"page","link":"https:\/\/dare2improve.com\/sv\/terms-and-offers\/","title":{"rendered":"Allm\u00e4nna villkor"},"content":{"rendered":"<div data-elementor-type=\"wp-page\" data-elementor-id=\"360\" class=\"elementor elementor-360\" data-elementor-post-type=\"page\">\n\t\t\t\t\t\t<section class=\"elementor-section elementor-top-section elementor-element elementor-element-dc8eb58 elementor-section-boxed elementor-section-height-default elementor-section-height-default\" data-id=\"dc8eb58\" data-element_type=\"section\" data-e-type=\"section\" data-settings=\"{&quot;background_background&quot;:&quot;classic&quot;}\">\n\t\t\t\t\t\t\t<div class=\"elementor-background-overlay\"><\/div>\n\t\t\t\t\t\t\t<div class=\"elementor-container elementor-column-gap-default\">\n\t\t\t\t\t<div class=\"elementor-column elementor-col-100 elementor-top-column elementor-element elementor-element-26c71e1\" data-id=\"26c71e1\" data-element_type=\"column\" data-e-type=\"column\">\n\t\t\t<div class=\"elementor-widget-wrap elementor-element-populated\">\n\t\t\t\t\t\t<div class=\"elementor-element elementor-element-58544e6 elementor-widget elementor-widget-heading\" data-id=\"58544e6\" data-element_type=\"widget\" data-e-type=\"widget\" data-widget_type=\"heading.default\">\n\t\t\t\t<div class=\"elementor-widget-container\">\n\t\t\t\t\t<h2 class=\"elementor-heading-title elementor-size-default\">Allm\u00e4nna villkor<\/h2>\t\t\t\t<\/div>\n\t\t\t\t<\/div>\n\t\t\t\t\t<\/div>\n\t\t<\/div>\n\t\t\t\t\t<\/div>\n\t\t<\/section>\n\t\t\t\t<section class=\"elementor-section elementor-top-section elementor-element elementor-element-995cc10 elementor-section-boxed elementor-section-height-default elementor-section-height-default\" data-id=\"995cc10\" data-element_type=\"section\" data-e-type=\"section\">\n\t\t\t\t\t\t<div class=\"elementor-container elementor-column-gap-default\">\n\t\t\t\t\t<div class=\"elementor-column elementor-col-100 elementor-top-column elementor-element elementor-element-0e205e6\" data-id=\"0e205e6\" data-element_type=\"column\" data-e-type=\"column\">\n\t\t\t<div class=\"elementor-widget-wrap elementor-element-populated\">\n\t\t\t\t\t\t<div class=\"elementor-element elementor-element-ba397e2 elementor-widget elementor-widget-text-editor\" data-id=\"ba397e2\" data-element_type=\"widget\" data-e-type=\"widget\" data-widget_type=\"text-editor.default\">\n\t\t\t\t<div class=\"elementor-widget-container\">\n\t\t\t\t\t\t\t\t\t<strong>\"Erbjudanden och Betalningsvillkor\"<\/strong>\n\nSom en del av mitt engagemang erbjuder jag speciella erbjudanden och flexibla betalningsvillkor f\u00f6r att s\u00e4kerst\u00e4lla en bra upplevelse f\u00f6r mina kunder. Med tanke p\u00e5 de r\u00e5dande ekonomiska utmaningarna som m\u00e5nga f\u00f6retag st\u00e5r inf\u00f6r p\u00e5 grund av den globala ekonomiska situationen, s\u00e5 erbjuder jag en exklusiv rabatt p\u00e5 15% f\u00f6r nya kunder. Denna rabatt \u00e4r avsedd att ge ytterligare st\u00f6d till f\u00f6retag under dessa utmanande tider f\u00f6r att m\u00f6jligg\u00f6ra att de kan p\u00e5b\u00f6rja sin f\u00f6rs\u00e4ljningsresa p\u00e5 b\u00e4sta m\u00f6jliga s\u00e4tt.\n\n<em>Observera att vissa villkor och best\u00e4mmelser g\u00e4ller f\u00f6r dessa speciella erbjudanden. De kan ha utg\u00e5ngsdatum eller vara begr\u00e4nsade till nya kunder. F\u00f6r fullst\u00e4ndiga detaljer, v\u00e4nligen fr\u00e5ga under v\u00e5r konsultation f\u00f6r att fastst\u00e4lla ditt ber\u00e4ttigande att dra nytta av dessa exklusiva m\u00f6jligheter.<\/em>\n\n<strong>\"Investering och Ombokning\"<\/strong>\n\nF\u00f6r att s\u00e4kra din bokning och reservera de \u00f6verenskomna datumen kr\u00e4vs en f\u00f6rskottsbetalning p\u00e5 20%. Eftersom min tillg\u00e4nglighet ofta \u00e4r eftertraktad, bekr\u00e4ftar denna f\u00f6rskottsbetalning ditt \u00e5tagande. Om du beh\u00f6ver omboka v\u00e5rt avtal, v\u00e4nligen meddela mig s\u00e5 snart som m\u00f6jligt, s\u00e5 kommer jag att g\u00f6ra mitt b\u00e4sta f\u00f6r att tillgodose din beg\u00e4ran baserat p\u00e5 min tillg\u00e4nglighet. <em>Dock b\u00f6r du notera att ombokning \u00e4r beroende av tillg\u00e4nglighet och m\u00e5ste ordnas inom rimlig tid.<\/em>\n\n<strong>\"Konfidentialitet och Garantier\"<\/strong>\n\nConfidentiality is of utmost importance to me. Any information shared during our consultations or engagements will be treated with the highest level of confidentiality. Should you require a formal confidentiality or non-disclosure agreement, I am open to discussing and implementing such arrangements to protect your sensitive information.\n\nI stand behind the quality of my services and strive for your utmost satisfaction. While results may vary depending on individual circumstances, I am dedicated to providing you with the knowledge, skills, and support necessary to achieve your sales and performance goals. If, for any reason, you are not satisfied with my services, please communicate your concerns, and I will make every effort to address them and find a satisfactory resolution.\n\n<strong>\"Resekostnader\"<\/strong>\n\nPlease be aware that if my services require travel and overnight stays outside of my own city or country, additional fees will apply. These fees cover travel expenses, accommodation, and any related costs incurred during the engagement. The specific details regarding these additional fees will be discussed and agreed upon during our consultation, tailored to the unique requirements of your engagement.\n\nI understand that circumstances may arise that necessitate changes to our agreed-upon schedule or travel arrangements. Open communication is essential, so please notify me as soon as possible if any adjustments need to be made. Whether it&#8217;s finding a way to manage time more effectively or seeking support like <a href=\"http:\/\/masterarbeit-schreibenlassen.de\"style=\"color:inherit\">masterarbeit schreiben lassen<\/a>, together we can find suitable solutions to accommodate your needs.\t\t\t\t\t\t\t\t<\/div>\n\t\t\t\t<\/div>\n\t\t\t\t\t<\/div>\n\t\t<\/div>\n\t\t\t\t\t<\/div>\n\t\t<\/section>\n\t\t\t\t<\/div>","protected":false},"excerpt":{"rendered":"<p>Terms and Offers &#8220;Special Offers and Payment Terms&#8221; As part of my commitment to providing exceptional service, I offer special offers and flexible payment terms to ensure a seamless experience for my clients. In light of the current economic challenges, I understand that many businesses are facing difficulties due to the recession and the global [&hellip;]<\/p>\n","protected":false},"author":1,"featured_media":0,"parent":0,"menu_order":0,"comment_status":"closed","ping_status":"closed","template":"","meta":{"site-sidebar-layout":"no-sidebar","site-content-layout":"page-builder","ast-site-content-layout":"","site-content-style":"default","site-sidebar-style":"default","ast-global-header-display":"","ast-banner-title-visibility":"","ast-main-header-display":"","ast-hfb-above-header-display":"","ast-hfb-below-header-display":"","ast-hfb-mobile-header-display":"","site-post-title":"disabled","ast-breadcrumbs-content":"","ast-featured-img":"disabled","footer-sml-layout":"","theme-transparent-header-meta":"enabled","adv-header-id-meta":"","stick-header-meta":"","header-above-stick-meta":"","header-main-stick-meta":"","header-below-stick-meta":"","astra-migrate-meta-layouts":"default","ast-page-background-enabled":"default","ast-page-background-meta":{"desktop":{"background-color":"","background-image":"","background-repeat":"repeat","background-position":"center center","background-size":"auto","background-attachment":"scroll","background-type":"","background-media":"","overlay-type":"","overlay-color":"","overlay-gradient":""},"tablet":{"background-color":"","background-image":"","background-repeat":"repeat","background-position":"center center","background-size":"auto","background-attachment":"scroll","background-type":"","background-media":"","overlay-type":"","overlay-color":"","overlay-gradient":""},"mobile":{"background-color":"","background-image":"","background-repeat":"repeat","background-position":"center center","background-size":"auto","background-attachment":"scroll","background-type":"","background-media":"","overlay-type":"","overlay-color":"","overlay-gradient":""}},"ast-content-background-meta":{"desktop":{"background-color":"var(--ast-global-color-5)","background-image":"","background-repeat":"repeat","background-position":"center center","background-size":"auto","background-attachment":"scroll","background-type":"","background-media":"","overlay-type":"","overlay-color":"","overlay-gradient":""},"tablet":{"background-color":"var(--ast-global-color-5)","background-image":"","background-repeat":"repeat","background-position":"center center","background-size":"auto","background-attachment":"scroll","background-type":"","background-media":"","overlay-type":"","overlay-color":"","overlay-gradient":""},"mobile":{"background-color":"var(--ast-global-color-5)","background-image":"","background-repeat":"repeat","background-position":"center center","background-size":"auto","background-attachment":"scroll","background-type":"","background-media":"","overlay-type":"","overlay-color":"","overlay-gradient":""}},"footnotes":""},"class_list":["post-360","page","type-page","status-publish","hentry"],"_links":{"self":[{"href":"https:\/\/dare2improve.com\/sv\/wp-json\/wp\/v2\/pages\/360","targetHints":{"allow":["GET"]}}],"collection":[{"href":"https:\/\/dare2improve.com\/sv\/wp-json\/wp\/v2\/pages"}],"about":[{"href":"https:\/\/dare2improve.com\/sv\/wp-json\/wp\/v2\/types\/page"}],"author":[{"embeddable":true,"href":"https:\/\/dare2improve.com\/sv\/wp-json\/wp\/v2\/users\/1"}],"replies":[{"embeddable":true,"href":"https:\/\/dare2improve.com\/sv\/wp-json\/wp\/v2\/comments?post=360"}],"version-history":[{"count":36,"href":"https:\/\/dare2improve.com\/sv\/wp-json\/wp\/v2\/pages\/360\/revisions"}],"predecessor-version":[{"id":2718,"href":"https:\/\/dare2improve.com\/sv\/wp-json\/wp\/v2\/pages\/360\/revisions\/2718"}],"wp:attachment":[{"href":"https:\/\/dare2improve.com\/sv\/wp-json\/wp\/v2\/media?parent=360"}],"curies":[{"name":"wp","href":"https:\/\/api.w.org\/{rel}","templated":true}]}}