{"id":590,"date":"2023-06-13T23:21:01","date_gmt":"2023-06-13T23:21:01","guid":{"rendered":"https:\/\/dare2improve.com\/?page_id=590"},"modified":"2023-07-12T21:18:59","modified_gmt":"2023-07-12T21:18:59","slug":"prices","status":"publish","type":"page","link":"https:\/\/dare2improve.com\/sv\/prices\/","title":{"rendered":"Priser"},"content":{"rendered":"<div data-elementor-type=\"wp-page\" data-elementor-id=\"590\" class=\"elementor elementor-590\" data-elementor-post-type=\"page\">\n\t\t\t\t\t\t<section class=\"elementor-section elementor-top-section elementor-element elementor-element-8b23af9 elementor-section-boxed elementor-section-height-default elementor-section-height-default\" data-id=\"8b23af9\" data-element_type=\"section\" data-e-type=\"section\" data-settings=\"{&quot;background_background&quot;:&quot;classic&quot;}\">\n\t\t\t\t\t\t\t<div class=\"elementor-background-overlay\"><\/div>\n\t\t\t\t\t\t\t<div class=\"elementor-container elementor-column-gap-default\">\n\t\t\t\t\t<div class=\"elementor-column elementor-col-100 elementor-top-column elementor-element elementor-element-aa448a4\" data-id=\"aa448a4\" data-element_type=\"column\" data-e-type=\"column\">\n\t\t\t<div class=\"elementor-widget-wrap elementor-element-populated\">\n\t\t\t\t\t\t<div class=\"elementor-element elementor-element-f7a925a elementor-widget elementor-widget-heading\" data-id=\"f7a925a\" data-element_type=\"widget\" data-e-type=\"widget\" data-widget_type=\"heading.default\">\n\t\t\t\t<div class=\"elementor-widget-container\">\n\t\t\t\t\t<h2 class=\"elementor-heading-title elementor-size-default\">Priser<\/h2>\t\t\t\t<\/div>\n\t\t\t\t<\/div>\n\t\t\t\t\t<\/div>\n\t\t<\/div>\n\t\t\t\t\t<\/div>\n\t\t<\/section>\n\t\t\t\t<section class=\"elementor-section elementor-top-section elementor-element elementor-element-c853501 elementor-section-content-middle elementor-section-boxed elementor-section-height-default elementor-section-height-default\" data-id=\"c853501\" data-element_type=\"section\" data-e-type=\"section\" data-settings=\"{&quot;background_background&quot;:&quot;classic&quot;}\">\n\t\t\t\t\t\t<div class=\"elementor-container elementor-column-gap-no\">\n\t\t\t\t\t<div class=\"elementor-column elementor-col-50 elementor-top-column elementor-element elementor-element-d17c225\" data-id=\"d17c225\" data-element_type=\"column\" data-e-type=\"column\">\n\t\t\t<div class=\"elementor-widget-wrap elementor-element-populated\">\n\t\t\t\t\t\t<div class=\"elementor-element elementor-element-9e36d90 elementor-widget elementor-widget-heading\" data-id=\"9e36d90\" data-element_type=\"widget\" data-e-type=\"widget\" data-widget_type=\"heading.default\">\n\t\t\t\t<div class=\"elementor-widget-container\">\n\t\t\t\t\t<h2 class=\"elementor-heading-title elementor-size-default\">Priser<\/h2>\t\t\t\t<\/div>\n\t\t\t\t<\/div>\n\t\t\t\t<div class=\"elementor-element elementor-element-d7fad93 elementor-widget elementor-widget-text-editor\" data-id=\"d7fad93\" data-element_type=\"widget\" data-e-type=\"widget\" data-widget_type=\"text-editor.default\">\n\t\t\t\t<div class=\"elementor-widget-container\">\n\t\t\t\t\t\t\t\t\t<p>P\u00e5 DTI erbjuder vi flexibel priss\u00e4ttning f\u00f6r v\u00e5ra paket som anpassas efter dina specifika behov och den niv\u00e5 av hj\u00e4lp som kr\u00e4vs. Vi f\u00f6rst\u00e5r att varje kund \u00e4r unik och att deras m\u00e5l kan d\u00e4rf\u00f6r variera. V\u00e5r priss\u00e4ttning tar d\u00e4rf\u00f6r h\u00e4nsyn till arbetsomfattningen och samarbetsperioden.<\/p><p>Oavsett om du beh\u00f6ver kortvarig v\u00e4gledning f\u00f6r ett specifikt projekt eller l\u00e5ngsiktigt st\u00f6d f\u00f6r en p\u00e5g\u00e5ende utveckling s\u00e5 har vi priss\u00e4ttningsalternativ som passar dina krav. Vi tror p\u00e5 att erbjuda l\u00f6sningar som ger v\u00e4rde och som uppfyller dina m\u00e5l samtidigt som vi optimerar din investering och s\u00e4kerst\u00e4ller att du f\u00e5r effektiv hj\u00e4lp och st\u00f6ttning i de omr\u00e5den du \u00f6nskar.<\/p><p>Under v\u00e5rt inledande samtal kommer vi att bed\u00f6ma dina behov och diskutera arbetsomfattningen. Detta g\u00f6r att vi kan fastst\u00e4lla en l\u00e4mplig priss\u00e4ttningsmodell som passar din situation b\u00e4st. Vi erbjuder transparent och r\u00e4ttvis priss\u00e4ttning som \u00e5terspeglar den kompetens, de resurser och det engagemang vi bidrar med till ditt projekt.<\/p><p>V\u00e5rt m\u00e5l \u00e4r att erbjuda dig en anpassad priss\u00e4ttningsplan som maximerar er utveckling. \nVi tror p\u00e5 att bygga l\u00e5ngsiktiga samarbeten baserade p\u00e5 f\u00f6rtroende och \u00f6msesidig framg\u00e5ng. Var trygg i att v\u00e5r priss\u00e4ttning \u00e5terspeglar kvaliteten p\u00e5 den service, personliga uppm\u00e4rksamhet och de konkreta resultat vi str\u00e4var efter att leverera.<\/p><p>Kontakta oss idag f\u00f6r att diskutera dina specifika behov och uppt\u00e4ck hur v\u00e5ra flexibla priss\u00e4ttningsalternativ kan st\u00f6dja din resa mot att n\u00e5 dina m\u00e5l.<\/p>\t\t\t\t\t\t\t\t<\/div>\n\t\t\t\t<\/div>\n\t\t\t\t<section class=\"elementor-section elementor-inner-section elementor-element elementor-element-5d0651c elementor-hidden-mobile elementor-section-boxed elementor-section-height-default elementor-section-height-default\" data-id=\"5d0651c\" data-element_type=\"section\" data-e-type=\"section\">\n\t\t\t\t\t\t<div class=\"elementor-container elementor-column-gap-default\">\n\t\t\t\t\t<div class=\"elementor-column elementor-col-50 elementor-inner-column elementor-element elementor-element-e2dac06\" data-id=\"e2dac06\" data-element_type=\"column\" data-e-type=\"column\">\n\t\t\t<div class=\"elementor-widget-wrap elementor-element-populated\">\n\t\t\t\t\t\t<div class=\"elementor-element elementor-element-e78efcb elementor-align-left elementor-mobile-align-center elementor-widget elementor-widget-button\" data-id=\"e78efcb\" data-element_type=\"widget\" data-e-type=\"widget\" data-widget_type=\"button.default\">\n\t\t\t\t<div class=\"elementor-widget-container\">\n\t\t\t\t\t\t\t\t\t<div class=\"elementor-button-wrapper\">\n\t\t\t\t\t<a class=\"elementor-button elementor-button-link elementor-size-md\" href=\"https:\/\/dare2improve.com\/sv\/contact\/\">\n\t\t\t\t\t\t<span class=\"elementor-button-content-wrapper\">\n\t\t\t\t\t\t\t\t\t<span class=\"elementor-button-text\">Kontakta mig<\/span>\n\t\t\t\t\t<\/span>\n\t\t\t\t\t<\/a>\n\t\t\t\t<\/div>\n\t\t\t\t\t\t\t\t<\/div>\n\t\t\t\t<\/div>\n\t\t\t\t\t<\/div>\n\t\t<\/div>\n\t\t\t\t<div class=\"elementor-column elementor-col-50 elementor-inner-column elementor-element elementor-element-4182868\" data-id=\"4182868\" data-element_type=\"column\" data-e-type=\"column\">\n\t\t\t<div class=\"elementor-widget-wrap elementor-element-populated\">\n\t\t\t\t\t\t<div class=\"elementor-element elementor-element-b3b6382 elementor-align-left elementor-mobile-align-center elementor-widget__width-initial elementor-widget elementor-widget-button\" data-id=\"b3b6382\" data-element_type=\"widget\" data-e-type=\"widget\" data-widget_type=\"button.default\">\n\t\t\t\t<div class=\"elementor-widget-container\">\n\t\t\t\t\t\t\t\t\t<div class=\"elementor-button-wrapper\">\n\t\t\t\t\t<a class=\"elementor-button elementor-button-link elementor-size-md\" href=\"https:\/\/dare2improve.com\/sv\/terms-and-offers\/\">\n\t\t\t\t\t\t<span class=\"elementor-button-content-wrapper\">\n\t\t\t\t\t\t\t\t\t<span class=\"elementor-button-text\">Allm\u00e4nna villkor<\/span>\n\t\t\t\t\t<\/span>\n\t\t\t\t\t<\/a>\n\t\t\t\t<\/div>\n\t\t\t\t\t\t\t\t<\/div>\n\t\t\t\t<\/div>\n\t\t\t\t\t<\/div>\n\t\t<\/div>\n\t\t\t\t\t<\/div>\n\t\t<\/section>\n\t\t\t\t\t<\/div>\n\t\t<\/div>\n\t\t\t\t<div class=\"elementor-column elementor-col-50 elementor-top-column elementor-element elementor-element-3e9fe6e\" data-id=\"3e9fe6e\" data-element_type=\"column\" data-e-type=\"column\">\n\t\t\t<div class=\"elementor-widget-wrap elementor-element-populated\">\n\t\t\t\t\t\t<div class=\"elementor-element elementor-element-9a8f28e elementor-widget elementor-widget-image\" data-id=\"9a8f28e\" data-element_type=\"widget\" data-e-type=\"widget\" data-widget_type=\"image.default\">\n\t\t\t\t<div class=\"elementor-widget-container\">\n\t\t\t\t\t\t\t\t\t\t\t\t\t\t\t<img fetchpriority=\"high\" decoding=\"async\" width=\"1024\" height=\"1024\" src=\"https:\/\/dare2improve.com\/wp-content\/uploads\/2023\/06\/WhatsApp-Image-2023-06-14-at-3.50.14-AM-1024x1024.jpeg\" class=\"attachment-large size-large wp-image-650\" alt=\"\" srcset=\"https:\/\/dare2improve.com\/wp-content\/uploads\/2023\/06\/WhatsApp-Image-2023-06-14-at-3.50.14-AM-1024x1024.jpeg 1024w, https:\/\/dare2improve.com\/wp-content\/uploads\/2023\/06\/WhatsApp-Image-2023-06-14-at-3.50.14-AM-300x300.jpeg 300w, https:\/\/dare2improve.com\/wp-content\/uploads\/2023\/06\/WhatsApp-Image-2023-06-14-at-3.50.14-AM-150x150.jpeg 150w, https:\/\/dare2improve.com\/wp-content\/uploads\/2023\/06\/WhatsApp-Image-2023-06-14-at-3.50.14-AM-768x768.jpeg 768w, https:\/\/dare2improve.com\/wp-content\/uploads\/2023\/06\/WhatsApp-Image-2023-06-14-at-3.50.14-AM.jpeg 1280w\" sizes=\"(max-width: 1024px) 100vw, 1024px\" \/>\t\t\t\t\t\t\t\t\t\t\t\t\t\t\t<\/div>\n\t\t\t\t<\/div>\n\t\t\t\t<section class=\"elementor-section elementor-inner-section elementor-element elementor-element-84c686d elementor-hidden-desktop elementor-hidden-tablet elementor-section-boxed elementor-section-height-default elementor-section-height-default\" data-id=\"84c686d\" data-element_type=\"section\" data-e-type=\"section\">\n\t\t\t\t\t\t<div class=\"elementor-container elementor-column-gap-default\">\n\t\t\t\t\t<div class=\"elementor-column elementor-col-50 elementor-inner-column elementor-element elementor-element-81bd22f\" data-id=\"81bd22f\" data-element_type=\"column\" data-e-type=\"column\">\n\t\t\t<div class=\"elementor-widget-wrap elementor-element-populated\">\n\t\t\t\t\t\t<div class=\"elementor-element elementor-element-241512e elementor-align-left elementor-mobile-align-center elementor-widget elementor-widget-button\" data-id=\"241512e\" data-element_type=\"widget\" data-e-type=\"widget\" data-widget_type=\"button.default\">\n\t\t\t\t<div class=\"elementor-widget-container\">\n\t\t\t\t\t\t\t\t\t<div class=\"elementor-button-wrapper\">\n\t\t\t\t\t<a class=\"elementor-button elementor-button-link elementor-size-md\" href=\"https:\/\/dare2improve.com\/sv\/contact\/\">\n\t\t\t\t\t\t<span class=\"elementor-button-content-wrapper\">\n\t\t\t\t\t\t\t\t\t<span class=\"elementor-button-text\">Kontakta mig<\/span>\n\t\t\t\t\t<\/span>\n\t\t\t\t\t<\/a>\n\t\t\t\t<\/div>\n\t\t\t\t\t\t\t\t<\/div>\n\t\t\t\t<\/div>\n\t\t\t\t\t<\/div>\n\t\t<\/div>\n\t\t\t\t<div class=\"elementor-column elementor-col-50 elementor-inner-column elementor-element elementor-element-942a0fd\" data-id=\"942a0fd\" data-element_type=\"column\" data-e-type=\"column\">\n\t\t\t<div class=\"elementor-widget-wrap elementor-element-populated\">\n\t\t\t\t\t\t<div class=\"elementor-element elementor-element-0c4998d elementor-align-left elementor-mobile-align-center elementor-widget__width-initial elementor-widget elementor-widget-button\" data-id=\"0c4998d\" data-element_type=\"widget\" data-e-type=\"widget\" data-widget_type=\"button.default\">\n\t\t\t\t<div class=\"elementor-widget-container\">\n\t\t\t\t\t\t\t\t\t<div class=\"elementor-button-wrapper\">\n\t\t\t\t\t<a class=\"elementor-button elementor-button-link elementor-size-md\" href=\"https:\/\/dare2improve.com\/sv\/terms-and-offers\/\">\n\t\t\t\t\t\t<span class=\"elementor-button-content-wrapper\">\n\t\t\t\t\t\t\t\t\t<span class=\"elementor-button-text\">Allm\u00e4nna villkor<\/span>\n\t\t\t\t\t<\/span>\n\t\t\t\t\t<\/a>\n\t\t\t\t<\/div>\n\t\t\t\t\t\t\t\t<\/div>\n\t\t\t\t<\/div>\n\t\t\t\t\t<\/div>\n\t\t<\/div>\n\t\t\t\t\t<\/div>\n\t\t<\/section>\n\t\t\t\t\t<\/div>\n\t\t<\/div>\n\t\t\t\t\t<\/div>\n\t\t<\/section>\n\t\t\t\t<\/div>","protected":false},"excerpt":{"rendered":"<p>Prices Prices At DTI we offer flexible pricing for our packages tailored to your specific needs and the level of assistance required. We understand that each client is unique, and their objectives may vary. As a result, our pricing structure takes into account the scope of work and the duration of our collaboration. Whether you [&hellip;]<\/p>\n","protected":false},"author":1,"featured_media":0,"parent":0,"menu_order":0,"comment_status":"closed","ping_status":"closed","template":"","meta":{"site-sidebar-layout":"no-sidebar","site-content-layout":"page-builder","ast-site-content-layout":"","site-content-style":"default","site-sidebar-style":"default","ast-global-header-display":"","ast-banner-title-visibility":"","ast-main-header-display":"","ast-hfb-above-header-display":"","ast-hfb-below-header-display":"","ast-hfb-mobile-header-display":"","site-post-title":"disabled","ast-breadcrumbs-content":"","ast-featured-img":"disabled","footer-sml-layout":"","theme-transparent-header-meta":"enabled","adv-header-id-meta":"","stick-header-meta":"","header-above-stick-meta":"","header-main-stick-meta":"","header-below-stick-meta":"","astra-migrate-meta-layouts":"default","ast-page-background-enabled":"default","ast-page-background-meta":{"desktop":{"background-color":"","background-image":"","background-repeat":"repeat","background-position":"center center","background-size":"auto","background-attachment":"scroll","background-type":"","background-media":"","overlay-type":"","overlay-color":"","overlay-gradient":""},"tablet":{"background-color":"","background-image":"","background-repeat":"repeat","background-position":"center center","background-size":"auto","background-attachment":"scroll","background-type":"","background-media":"","overlay-type":"","overlay-color":"","overlay-gradient":""},"mobile":{"background-color":"","background-image":"","background-repeat":"repeat","background-position":"center center","background-size":"auto","background-attachment":"scroll","background-type":"","background-media":"","overlay-type":"","overlay-color":"","overlay-gradient":""}},"ast-content-background-meta":{"desktop":{"background-color":"var(--ast-global-color-5)","background-image":"","background-repeat":"repeat","background-position":"center center","background-size":"auto","background-attachment":"scroll","background-type":"","background-media":"","overlay-type":"","overlay-color":"","overlay-gradient":""},"tablet":{"background-color":"var(--ast-global-color-5)","background-image":"","background-repeat":"repeat","background-position":"center center","background-size":"auto","background-attachment":"scroll","background-type":"","background-media":"","overlay-type":"","overlay-color":"","overlay-gradient":""},"mobile":{"background-color":"var(--ast-global-color-5)","background-image":"","background-repeat":"repeat","background-position":"center center","background-size":"auto","background-attachment":"scroll","background-type":"","background-media":"","overlay-type":"","overlay-color":"","overlay-gradient":""}},"footnotes":""},"class_list":["post-590","page","type-page","status-publish","hentry"],"_links":{"self":[{"href":"https:\/\/dare2improve.com\/sv\/wp-json\/wp\/v2\/pages\/590","targetHints":{"allow":["GET"]}}],"collection":[{"href":"https:\/\/dare2improve.com\/sv\/wp-json\/wp\/v2\/pages"}],"about":[{"href":"https:\/\/dare2improve.com\/sv\/wp-json\/wp\/v2\/types\/page"}],"author":[{"embeddable":true,"href":"https:\/\/dare2improve.com\/sv\/wp-json\/wp\/v2\/users\/1"}],"replies":[{"embeddable":true,"href":"https:\/\/dare2improve.com\/sv\/wp-json\/wp\/v2\/comments?post=590"}],"version-history":[{"count":83,"href":"https:\/\/dare2improve.com\/sv\/wp-json\/wp\/v2\/pages\/590\/revisions"}],"predecessor-version":[{"id":884,"href":"https:\/\/dare2improve.com\/sv\/wp-json\/wp\/v2\/pages\/590\/revisions\/884"}],"wp:attachment":[{"href":"https:\/\/dare2improve.com\/sv\/wp-json\/wp\/v2\/media?parent=590"}],"curies":[{"name":"wp","href":"https:\/\/api.w.org\/{rel}","templated":true}]}}